{"id":13,"date":"2022-09-13T15:17:07","date_gmt":"2022-09-13T13:17:07","guid":{"rendered":"http:\/\/test\/?page_id=13"},"modified":"2022-09-14T16:31:02","modified_gmt":"2022-09-14T14:31:02","slug":"referenzen","status":"publish","type":"page","link":"https:\/\/www.mt-it-consulting.de\/index.php\/referenzen\/","title":{"rendered":"Referenzen"},"content":{"rendered":"\n<p>Langj\u00e4hrige und zufriedene Gesch\u00e4ftsbeziehungen sind die Grundlage und das Ziel unserer t\u00e4glichen Arbeit. Unser breites Portfolio und Spezialwissen gibt unseren Kunden die Sicherheit mit Experten zu arbeiten. Gerne zeigen wir Ihnen hier einen kleinen Auszug unserer zufriedenen Kunden aus viele Branchen und Unternehmensgr\u00f6\u00dfen. Was k\u00f6nnen wir f\u00fcr Sie tun?<\/p>\n\n\n\n<div class=\"wp-block-buttons is-layout-flex wp-block-buttons-is-layout-flex\">\n<div class=\"wp-block-button is-style-outline is-style-outline--1\"><a class=\"wp-block-button__link has-vivid-cyan-blue-color has-text-color\">Industrie \/ Handel \/ Handwerk<\/a><\/div>\n<\/div>\n\n\n\n<figure class=\"wp-block-gallery columns-5 wp-block-gallery-2 is-layout-flex wp-block-gallery-is-layout-flex\"><ul class=\"blocks-gallery-grid\"><li class=\"blocks-gallery-item\"><figure><img loading=\"lazy\" decoding=\"async\" width=\"150\" height=\"150\" src=\"https:\/\/www.mt-it-consulting.de\/wp-content\/uploads\/2017\/10\/Urban-logo_150x150.jpg\" alt=\"\" data-id=\"129\" data-full-url=\"https:\/\/www.mt-it-consulting.de\/wp-content\/uploads\/2017\/10\/Urban-logo_150x150.jpg\" data-link=\"https:\/\/www.mt-it-consulting.de\/urban-logo_150x150\/\" class=\"wp-image-129\"\/><\/figure><\/li><li class=\"blocks-gallery-item\"><figure><img loading=\"lazy\" decoding=\"async\" width=\"150\" height=\"150\" src=\"https:\/\/www.mt-it-consulting.de\/wp-content\/uploads\/2017\/10\/Zodiac-logo_150x150.jpg\" alt=\"\" data-id=\"130\" data-full-url=\"https:\/\/www.mt-it-consulting.de\/wp-content\/uploads\/2017\/10\/Zodiac-logo_150x150.jpg\" data-link=\"https:\/\/www.mt-it-consulting.de\/zodiac-logo_150x150\/\" class=\"wp-image-130\"\/><\/figure><\/li><li class=\"blocks-gallery-item\"><figure><img loading=\"lazy\" decoding=\"async\" width=\"150\" height=\"150\" src=\"https:\/\/www.mt-it-consulting.de\/wp-content\/uploads\/2017\/10\/Mystim-logo_150x150.jpg\" alt=\"\" data-id=\"134\" data-full-url=\"https:\/\/www.mt-it-consulting.de\/wp-content\/uploads\/2017\/10\/Mystim-logo_150x150.jpg\" data-link=\"https:\/\/www.mt-it-consulting.de\/mystim-logo_150x150\/\" class=\"wp-image-134\"\/><\/figure><\/li><li class=\"blocks-gallery-item\"><figure><img loading=\"lazy\" decoding=\"async\" width=\"150\" height=\"150\" src=\"https:\/\/www.mt-it-consulting.de\/wp-content\/uploads\/2017\/10\/Giegerich-logo_150x150.jpg\" alt=\"\" data-id=\"127\" data-full-url=\"https:\/\/www.mt-it-consulting.de\/wp-content\/uploads\/2017\/10\/Giegerich-logo_150x150.jpg\" data-link=\"https:\/\/www.mt-it-consulting.de\/giegerich-logo_150x150\/\" class=\"wp-image-127\"\/><\/figure><\/li><li class=\"blocks-gallery-item\"><figure><img loading=\"lazy\" decoding=\"async\" width=\"150\" height=\"150\" src=\"https:\/\/www.mt-it-consulting.de\/wp-content\/uploads\/2017\/10\/Heininger-logo_150x150.jpg\" alt=\"\" data-id=\"128\" data-full-url=\"https:\/\/www.mt-it-consulting.de\/wp-content\/uploads\/2017\/10\/Heininger-logo_150x150.jpg\" data-link=\"https:\/\/www.mt-it-consulting.de\/heininger-logo_150x150\/\" class=\"wp-image-128\"\/><\/figure><\/li><li class=\"blocks-gallery-item\"><figure><img loading=\"lazy\" decoding=\"async\" width=\"150\" height=\"150\" src=\"https:\/\/www.mt-it-consulting.de\/wp-content\/uploads\/2017\/10\/Hubrach-logo_150x150.jpg\" alt=\"\" data-id=\"135\" data-full-url=\"https:\/\/www.mt-it-consulting.de\/wp-content\/uploads\/2017\/10\/Hubrach-logo_150x150.jpg\" data-link=\"https:\/\/www.mt-it-consulting.de\/hubrach-logo_150x150\/\" class=\"wp-image-135\"\/><\/figure><\/li><li class=\"blocks-gallery-item\"><figure><img loading=\"lazy\" decoding=\"async\" width=\"150\" height=\"150\" src=\"https:\/\/www.mt-it-consulting.de\/wp-content\/uploads\/2017\/10\/Sanowell-logo_150x150.jpg\" alt=\"\" data-id=\"133\" data-full-url=\"https:\/\/www.mt-it-consulting.de\/wp-content\/uploads\/2017\/10\/Sanowell-logo_150x150.jpg\" data-link=\"https:\/\/www.mt-it-consulting.de\/sanowell-logo_150x150\/\" class=\"wp-image-133\"\/><\/figure><\/li><li class=\"blocks-gallery-item\"><figure><img loading=\"lazy\" decoding=\"async\" width=\"150\" height=\"150\" src=\"https:\/\/www.mt-it-consulting.de\/wp-content\/uploads\/2022\/09\/IB-Normx150-W.png\" alt=\"\" data-id=\"696\" data-full-url=\"https:\/\/www.mt-it-consulting.de\/wp-content\/uploads\/2022\/09\/IB-Normx150-W.png\" data-link=\"https:\/\/www.mt-it-consulting.de\/index.php\/referenzen\/ib-normx150-w\/#main\" class=\"wp-image-696\"\/><\/figure><\/li><li class=\"blocks-gallery-item\"><figure><img loading=\"lazy\" decoding=\"async\" width=\"150\" height=\"150\" src=\"https:\/\/www.mt-it-consulting.de\/wp-content\/uploads\/2022\/09\/HMF-Montagenx150-W.png\" alt=\"\" data-id=\"695\" data-full-url=\"https:\/\/www.mt-it-consulting.de\/wp-content\/uploads\/2022\/09\/HMF-Montagenx150-W.png\" data-link=\"https:\/\/www.mt-it-consulting.de\/index.php\/referenzen\/hmf-montagenx150-w\/#main\" class=\"wp-image-695\"\/><\/figure><\/li><\/ul><\/figure>\n\n\n\n<div class=\"wp-block-buttons is-layout-flex wp-block-buttons-is-layout-flex\">\n<div class=\"wp-block-button is-style-outline is-style-outline--3\"><a class=\"wp-block-button__link has-vivid-cyan-blue-color has-text-color\">Medizin \/ Pharmacie<\/a><\/div>\n<\/div>\n\n\n\n<figure class=\"wp-block-gallery columns-5 wp-block-gallery-4 is-layout-flex wp-block-gallery-is-layout-flex\"><ul class=\"blocks-gallery-grid\"><li class=\"blocks-gallery-item\"><figure><img loading=\"lazy\" decoding=\"async\" width=\"150\" height=\"150\" src=\"https:\/\/www.mt-it-consulting.de\/wp-content\/uploads\/2017\/10\/HNOCity-logo_150x150.jpg\" alt=\"\" data-id=\"171\" data-full-url=\"https:\/\/www.mt-it-consulting.de\/wp-content\/uploads\/2017\/10\/HNOCity-logo_150x150.jpg\" data-link=\"https:\/\/www.mt-it-consulting.de\/index.php\/referenzen\/hnocity-logo_150x150\/#main\" class=\"wp-image-171\"\/><\/figure><\/li><li class=\"blocks-gallery-item\"><figure><img loading=\"lazy\" decoding=\"async\" width=\"150\" height=\"150\" src=\"https:\/\/www.mt-it-consulting.de\/wp-content\/uploads\/2017\/10\/BlisterCenter-logo_150x150.jpg\" alt=\"\" data-id=\"180\" data-full-url=\"https:\/\/www.mt-it-consulting.de\/wp-content\/uploads\/2017\/10\/BlisterCenter-logo_150x150.jpg\" data-link=\"https:\/\/www.mt-it-consulting.de\/index.php\/referenzen\/blistercenter-logo_150x150\/#main\" class=\"wp-image-180\"\/><\/figure><\/li><li class=\"blocks-gallery-item\"><figure><img loading=\"lazy\" decoding=\"async\" width=\"150\" height=\"150\" src=\"https:\/\/www.mt-it-consulting.de\/wp-content\/uploads\/2017\/10\/CASr-logo_150x150.jpg\" alt=\"\" data-id=\"179\" data-full-url=\"https:\/\/www.mt-it-consulting.de\/wp-content\/uploads\/2017\/10\/CASr-logo_150x150.jpg\" data-link=\"https:\/\/www.mt-it-consulting.de\/index.php\/referenzen\/casr-logo_150x150\/#main\" class=\"wp-image-179\"\/><\/figure><\/li><li class=\"blocks-gallery-item\"><figure><img loading=\"lazy\" decoding=\"async\" width=\"150\" height=\"150\" src=\"https:\/\/www.mt-it-consulting.de\/wp-content\/uploads\/2017\/10\/Fortuna-logo_150x150.jpg\" alt=\"\" data-id=\"177\" data-full-url=\"https:\/\/www.mt-it-consulting.de\/wp-content\/uploads\/2017\/10\/Fortuna-logo_150x150.jpg\" data-link=\"https:\/\/www.mt-it-consulting.de\/index.php\/referenzen\/fortuna-logo_150x150\/#main\" class=\"wp-image-177\"\/><\/figure><\/li><li class=\"blocks-gallery-item\"><figure><img loading=\"lazy\" decoding=\"async\" width=\"150\" height=\"150\" src=\"https:\/\/www.mt-it-consulting.de\/wp-content\/uploads\/2017\/10\/HVD-logo_150x150.jpg\" alt=\"\" data-id=\"176\" data-full-url=\"https:\/\/www.mt-it-consulting.de\/wp-content\/uploads\/2017\/10\/HVD-logo_150x150.jpg\" data-link=\"https:\/\/www.mt-it-consulting.de\/index.php\/referenzen\/hvd-logo_150x150\/#main\" class=\"wp-image-176\"\/><\/figure><\/li><li class=\"blocks-gallery-item\"><figure><img loading=\"lazy\" decoding=\"async\" width=\"150\" height=\"150\" src=\"https:\/\/www.mt-it-consulting.de\/wp-content\/uploads\/2017\/10\/Newco-logo_150x150.jpg\" alt=\"\" data-id=\"175\" data-full-url=\"https:\/\/www.mt-it-consulting.de\/wp-content\/uploads\/2017\/10\/Newco-logo_150x150.jpg\" data-link=\"https:\/\/www.mt-it-consulting.de\/index.php\/referenzen\/newco-logo_150x150\/#main\" class=\"wp-image-175\"\/><\/figure><\/li><li class=\"blocks-gallery-item\"><figure><img loading=\"lazy\" decoding=\"async\" width=\"150\" height=\"150\" src=\"https:\/\/www.mt-it-consulting.de\/wp-content\/uploads\/2017\/10\/Onko-logo_150x150.jpg\" alt=\"\" data-id=\"174\" data-full-url=\"https:\/\/www.mt-it-consulting.de\/wp-content\/uploads\/2017\/10\/Onko-logo_150x150.jpg\" data-link=\"https:\/\/www.mt-it-consulting.de\/index.php\/referenzen\/onko-logo_150x150\/#main\" class=\"wp-image-174\"\/><\/figure><\/li><li class=\"blocks-gallery-item\"><figure><img loading=\"lazy\" decoding=\"async\" width=\"150\" height=\"150\" src=\"https:\/\/www.mt-it-consulting.de\/wp-content\/uploads\/2017\/10\/RCB-logo_150x150.jpg\" alt=\"\" data-id=\"173\" data-full-url=\"https:\/\/www.mt-it-consulting.de\/wp-content\/uploads\/2017\/10\/RCB-logo_150x150.jpg\" data-link=\"https:\/\/www.mt-it-consulting.de\/index.php\/referenzen\/rcb-logo_150x150\/#main\" class=\"wp-image-173\"\/><\/figure><\/li><li class=\"blocks-gallery-item\"><figure><img loading=\"lazy\" decoding=\"async\" width=\"150\" height=\"150\" src=\"https:\/\/www.mt-it-consulting.de\/wp-content\/uploads\/2017\/10\/RMC-logo_150x150.jpg\" alt=\"\" data-id=\"172\" data-full-url=\"https:\/\/www.mt-it-consulting.de\/wp-content\/uploads\/2017\/10\/RMC-logo_150x150.jpg\" data-link=\"https:\/\/www.mt-it-consulting.de\/index.php\/referenzen\/rmc-logo_150x150\/#main\" class=\"wp-image-172\"\/><\/figure><\/li><li class=\"blocks-gallery-item\"><figure><img loading=\"lazy\" decoding=\"async\" width=\"565\" height=\"351\" src=\"https:\/\/www.mt-it-consulting.de\/wp-content\/uploads\/2022\/09\/Romero_image.png\" alt=\"\" data-id=\"672\" data-full-url=\"https:\/\/www.mt-it-consulting.de\/wp-content\/uploads\/2022\/09\/Romero_image.png\" data-link=\"https:\/\/www.mt-it-consulting.de\/romero_image\/\" class=\"wp-image-672\" srcset=\"https:\/\/www.mt-it-consulting.de\/wp-content\/uploads\/2022\/09\/Romero_image.png 565w, https:\/\/www.mt-it-consulting.de\/wp-content\/uploads\/2022\/09\/Romero_image-300x186.png 300w\" sizes=\"auto, (max-width: 565px) 100vw, 565px\" \/><\/figure><\/li><li class=\"blocks-gallery-item\"><figure><img loading=\"lazy\" decoding=\"async\" width=\"350\" height=\"120\" src=\"https:\/\/www.mt-it-consulting.de\/wp-content\/uploads\/2022\/09\/Kreusser.jpg\" alt=\"\" data-id=\"671\" data-full-url=\"https:\/\/www.mt-it-consulting.de\/wp-content\/uploads\/2022\/09\/Kreusser.jpg\" data-link=\"https:\/\/www.mt-it-consulting.de\/kreusser\/\" class=\"wp-image-671\" srcset=\"https:\/\/www.mt-it-consulting.de\/wp-content\/uploads\/2022\/09\/Kreusser.jpg 350w, https:\/\/www.mt-it-consulting.de\/wp-content\/uploads\/2022\/09\/Kreusser-300x103.jpg 300w\" sizes=\"auto, (max-width: 350px) 100vw, 350px\" \/><\/figure><\/li><\/ul><\/figure>\n\n\n\n<p><\/p>\n\n\n\n<div class=\"wp-block-buttons is-layout-flex wp-block-buttons-is-layout-flex\">\n<div class=\"wp-block-button is-style-outline is-style-outline--5\"><a class=\"wp-block-button__link has-vivid-cyan-blue-color has-text-color\">\u00d6ffentliche Einrichtungen<\/a><\/div>\n<\/div>\n\n\n\n<figure class=\"wp-block-gallery columns-3 wp-block-gallery-6 is-layout-flex wp-block-gallery-is-layout-flex\"><ul class=\"blocks-gallery-grid\"><li class=\"blocks-gallery-item\"><figure><img loading=\"lazy\" decoding=\"async\" width=\"150\" height=\"64\" src=\"https:\/\/www.mt-it-consulting.de\/wp-content\/uploads\/2022\/09\/amme_logo-e1663165061901.jpg\" alt=\"\" data-id=\"677\" data-full-url=\"https:\/\/www.mt-it-consulting.de\/wp-content\/uploads\/2022\/09\/amme_logo-e1663165061901.jpg\" data-link=\"https:\/\/www.mt-it-consulting.de\/index.php\/referenzen\/amme_logo\/#main\" class=\"wp-image-677\"\/><\/figure><\/li><li class=\"blocks-gallery-item\"><figure><img loading=\"lazy\" decoding=\"async\" width=\"150\" height=\"150\" src=\"https:\/\/www.mt-it-consulting.de\/wp-content\/uploads\/2022\/09\/Gem.Geis-logo_150x150-1.jpg\" alt=\"\" data-id=\"685\" data-full-url=\"https:\/\/www.mt-it-consulting.de\/wp-content\/uploads\/2022\/09\/Gem.Geis-logo_150x150-1.jpg\" data-link=\"https:\/\/www.mt-it-consulting.de\/index.php\/referenzen\/gem-geis-logo_150x150-3\/#main\" class=\"wp-image-685\"\/><\/figure><\/li><li class=\"blocks-gallery-item\"><figure><img loading=\"lazy\" decoding=\"async\" width=\"150\" height=\"150\" src=\"https:\/\/www.mt-it-consulting.de\/wp-content\/uploads\/2022\/09\/HSG-logo_150x150.jpg\" alt=\"\" data-id=\"686\" data-full-url=\"https:\/\/www.mt-it-consulting.de\/wp-content\/uploads\/2022\/09\/HSG-logo_150x150.jpg\" data-link=\"https:\/\/www.mt-it-consulting.de\/index.php\/referenzen\/hsg-logo_150x150-2\/#main\" class=\"wp-image-686\"\/><\/figure><\/li><li class=\"blocks-gallery-item\"><figure><img loading=\"lazy\" decoding=\"async\" width=\"150\" height=\"150\" src=\"https:\/\/www.mt-it-consulting.de\/wp-content\/uploads\/2022\/09\/VSK-logo_150x150.jpg\" alt=\"\" data-id=\"688\" data-full-url=\"https:\/\/www.mt-it-consulting.de\/wp-content\/uploads\/2022\/09\/VSK-logo_150x150.jpg\" data-link=\"https:\/\/www.mt-it-consulting.de\/index.php\/referenzen\/vsk-logo_150x150-2\/#main\" class=\"wp-image-688\"\/><\/figure><\/li><li class=\"blocks-gallery-item\"><figure><img loading=\"lazy\" decoding=\"async\" width=\"150\" height=\"134\" src=\"https:\/\/www.mt-it-consulting.de\/wp-content\/uploads\/2022\/09\/Ing-Jung-Logo-x150.jpg\" alt=\"\" data-id=\"690\" data-full-url=\"https:\/\/www.mt-it-consulting.de\/wp-content\/uploads\/2022\/09\/Ing-Jung-Logo-x150.jpg\" data-link=\"https:\/\/www.mt-it-consulting.de\/ing-jung-logo-x150\/\" class=\"wp-image-690\"\/><\/figure><\/li><\/ul><\/figure>\n\n\n\n<div class=\"wp-block-columns is-layout-flex wp-container-core-columns-is-layout-9d6595d7 wp-block-columns-is-layout-flex\">\n<div class=\"wp-block-column is-layout-flow wp-block-column-is-layout-flow\"><\/div>\n\n\n\n<div class=\"wp-block-column is-layout-flow wp-block-column-is-layout-flow\"><\/div>\n\n\n\n<div class=\"wp-block-column is-layout-flow wp-block-column-is-layout-flow\"><\/div>\n<\/div>\n\n\n<p>Treten Sie mit uns in <a href=\"https:\/\/www.mt-it-consulting.de\/index.php\/kontakt\/\">Kontakt<\/a> um mehr \u00fcber uns zu erfahren!<\/p>","protected":false},"excerpt":{"rendered":"<p>Langj\u00e4hrige und zufriedene Gesch\u00e4ftsbeziehungen sind die Grundlage und das Ziel unserer t\u00e4glichen Arbeit. Unser breites Portfolio und Spezialwissen gibt unseren Kunden die Sicherheit mit Experten zu arbeiten. Gerne zeigen wir Ihnen hier einen kleinen Auszug unserer zufriedenen Kunden aus viele Branchen und Unternehmensgr\u00f6\u00dfen. Was k\u00f6nnen wir f\u00fcr Sie tun? Treten Sie mit uns in Kontakt &#8230; <a title=\"Referenzen\" class=\"read-more\" href=\"https:\/\/www.mt-it-consulting.de\/index.php\/referenzen\/\" aria-label=\"Mehr zu Referenzen\">Read more<\/a><\/p>\n","protected":false},"author":1,"featured_media":0,"parent":0,"menu_order":3,"comment_status":"closed","ping_status":"closed","template":"","meta":{"footnotes":""},"class_list":["post-13","page","type-page","status-publish"],"aioseo_notices":[],"_links":{"self":[{"href":"https:\/\/www.mt-it-consulting.de\/index.php\/wp-json\/wp\/v2\/pages\/13","targetHints":{"allow":["GET"]}}],"collection":[{"href":"https:\/\/www.mt-it-consulting.de\/index.php\/wp-json\/wp\/v2\/pages"}],"about":[{"href":"https:\/\/www.mt-it-consulting.de\/index.php\/wp-json\/wp\/v2\/types\/page"}],"author":[{"embeddable":true,"href":"https:\/\/www.mt-it-consulting.de\/index.php\/wp-json\/wp\/v2\/users\/1"}],"replies":[{"embeddable":true,"href":"https:\/\/www.mt-it-consulting.de\/index.php\/wp-json\/wp\/v2\/comments?post=13"}],"version-history":[{"count":63,"href":"https:\/\/www.mt-it-consulting.de\/index.php\/wp-json\/wp\/v2\/pages\/13\/revisions"}],"predecessor-version":[{"id":697,"href":"https:\/\/www.mt-it-consulting.de\/index.php\/wp-json\/wp\/v2\/pages\/13\/revisions\/697"}],"wp:attachment":[{"href":"https:\/\/www.mt-it-consulting.de\/index.php\/wp-json\/wp\/v2\/media?parent=13"}],"curies":[{"name":"wp","href":"https:\/\/api.w.org\/{rel}","templated":true}]}}