{"id":20,"date":"2022-09-13T15:14:14","date_gmt":"2022-09-13T13:14:14","guid":{"rendered":"http:\/\/test\/?page_id=20"},"modified":"2026-01-27T10:08:05","modified_gmt":"2026-01-27T09:08:05","slug":"leistungen","status":"publish","type":"page","link":"https:\/\/www.mt-it-consulting.de\/","title":{"rendered":"IT-Systeme und Services"},"content":{"rendered":"\n<p>Michael Trier IT-Consulting GmbH ist ein inhabergef\u00fchrter IT-Dienstleister aus dem Rhein-Main Gebiet mit Sitz in M\u00f6mbris bei Aschaffenburg. Seit mehr als 15 Jahren vertrauen uns kleine und mittlere Unternehmen sowie kommunale Einrichtungen. Unser starkes Team setzt sich zuverl\u00e4ssig und kompetent f\u00fcr Sie ein!<\/p>\n\n\n\n<p>Unsere jahrelange Erfahrung im Bereich der Netzwerk- und Systembetreuung garantiert Ihnen besten Service und ein ma\u00dfgeschneidertes IT-System. Wir statten Sie mit allem aus, was Sie f\u00fcr eine sichere IT in Ihrem Unternehmen brauchen:&nbsp; IT-Infrastruktur, Hard- und Software, Netzwerke und Sicherheitsl\u00f6sungen, Organisationsysteme, Backups und vieles mehr. Wir setzen auf namhafte und bew\u00e4hrte Hersteller und Technologiepartner um Ihre Gesch\u00e4ftsprozesse optimal zu unterst\u00fctzen. Sprechen Sie uns an, wir legen viel Wert auf eine individuelle Planung, Beratung, Betreuung und Wartung Ihrer IT. Das alles bieten wir Ihnen auch am Wochenende oder an Feiertagen zu einem fairen Preis.<\/p>\n\n\n\n<h4 class=\"wp-block-heading\"><a href=\"https:\/\/www.mt-it-consulting.de\/index.php\/leistungen\/massgeschneiderte-it-systeme-und-services\/\" title=\"\">Ma\u00dfgeschneiderte IT-Systeme<\/a><\/h4>\n\n\n\n<p>Sie sind Selbstst\u00e4ndig, ein kleines oder mittelst\u00e4ndisches Unternehmen und mit der Betreuung \/ Wartung Ihrer IT unzufrieden oder ben\u00f6tigen Unterst\u00fctzung in Projekten?&nbsp;Dann sind wir der richtige Partner f\u00fcr Sie! Kontaktieren Sie uns.<\/p>\n\n\n\n<h4 class=\"wp-block-heading\"><a href=\"https:\/\/www.mt-it-consulting.de\/index.php\/leistungen\/server-und-pcs\/\" title=\"\">Server und PC\u00b4s<\/a><\/h4>\n\n\n\n<p>Gerne beliefern wir Sie mit neuer Soft- und Hardware, sollten wir jedoch die von Ihnen gew\u00fcnschte Hardware nicht selber anbieten k\u00f6nnen, installieren wir Ihnen Ihre individuelle Hardware selbstverst\u00e4ndlich ganz nach Ihren W\u00fcnschen.<\/p>\n\n\n\n<h4 class=\"wp-block-heading\"><a href=\"https:\/\/www.mt-it-consulting.de\/index.php\/leistungen\/server-und-pcs\/\" title=\"\">Mobile Computing<\/a><\/h4>\n\n\n\n<p>Ihre tragbaren Ger\u00e4te wie z.B. das Smartphone, Laptop oder Tablet sollen zum vollwertigen mobilen B\u00fcro werden? Wir entwickeln gemeinsam mit Ihnen Ihr individuelles Konzept und setzen es professionell um.<\/p>\n\n\n\n<h4 class=\"wp-block-heading\"><a href=\"https:\/\/www.mt-it-consulting.de\/index.php\/leistungen\/netzwerk\/\" title=\"\">Netzwerke<\/a><\/h4>\n\n\n\n<p>Schneller Datenaustausch und allzeit funktionierende Kommunikationswege sind die die Basis einer effektiven Unternehmensstruktur. Immer h\u00f6here Datenmengen, wechselnde Unternehmensstrukturen und zunehmende Globalisierung erfordern ein stabiles und schnelles Netzwerk. Bei der Konzeption und der Umsetzung eines zukunftorientierten Netzwerks m\u00fcssen fimreninterne Anforderungen ebenso ber\u00fccksichtigt werden wie anfallende Kosten und Sicherheitsanforderungen. Ebenso bieten wir Netzwerk-Managment-Systeme, Softwareverteilung und Steuerung. Auch die sichere Anbindung Ihrer unterschiedlichen Standorte oder Au\u00dfendienstmitarbeiter im In- und Ausland stellt f\u00fcr uns kein Problem dar.<\/p>\n\n\n\n<h4 class=\"wp-block-heading\"><a href=\"https:\/\/www.mt-it-consulting.de\/index.php\/leistungen\/sicherheit\/\" title=\"\">IT Security<\/a><\/h4>\n\n\n\n<p>IT-Sicherheit wird bei uns auf allerh\u00f6chstem Niveau f\u00fcr kleine und mittelst\u00e4ndische Unternehmen (KMU) einfach umgesetzt. Mit der \u201eSecurepoint Unified Security\u201c-Strategie bieten wir  Ihnen ein au\u00dfergew\u00f6hnlich breites Portfolio von Hard- und Softwarel\u00f6sungen sowie Cybersecurity-Trainings und Schulungen.<\/p>\n\n\n\n<h4 class=\"wp-block-heading\"><a href=\"https:\/\/www.mt-it-consulting.de\/index.php\/leistungen\/telefonanlagen\/\" title=\"\">Telefonanlagen<\/a><\/h4>\n\n\n\n<p>Wir unterst\u00fctzen Sie auch bei der Digitalisierung Ihrer Telekommunikation.  Die neuen Telefone von Auerswald werden auch dank KI und Machine Learning immer intelligenter und anpassungsf\u00e4higer. SIP-Telefonie und unternehmensinterner Chat erm\u00f6glichen die Integration jedes Mitarbeiters und die Erreichbarkeit \u00fcber alle Standorte &#8211; egal ob im B\u00fcro, im Homeoffice oder unterwegs.<\/p>\n\n\n\n<h4 class=\"wp-block-heading\"><a href=\"https:\/\/www.mt-it-consulting.de\/index.php\/leistungen\/e-mail-archivierung\/\" title=\"\">EMail Archivierung<\/a><\/h4>\n\n\n\n<p>Mail-Server sind inzwischen Organisations- und Archivierungssysteme geworden. Die dauerhafte E-Mail-Nutzung f\u00fchrt dazu, dass, auch bei einer strukturierten Ablage, ein Informationschaos entstehen kann. Mail-Server sto\u00dfen an ihre Grenzen und verlieren an Performance. Auch die Lizenz- und Speicher-Kosten steigen. Zudem verf\u00fcgt der Gesetzgeber, dass die E-Mail-Archivierung gesetzeskonform und nach GoBD erfolgen soll. Das REDDOXX MailDepot bietet alles, was Unternehmen f\u00fcr eine effiziente, sichere und gesetzeskonforme E-Mail-Archivierung ben\u00f6tigen und macht die Arbeit mit E-Mails sp\u00fcrbar einfacher.<\/p>\n\n\n\n<h4 class=\"wp-block-heading\"><a href=\"https:\/\/www.mt-it-consulting.de\/index.php\/leistungen\/warenwirtschaft\/\" title=\"\">AFS Warenwirtschaft<\/a><\/h4>\n\n\n\n<p>Mit dem AFS-Manager SQL setzen Sie ein optimales Warenwirtschaftssystem f\u00fcr umfangreiche ERP-Anspr\u00fcche ein. Die Software erm\u00f6glicht Ihnen durch die Gew\u00e4hrleistung h\u00f6chster Datensicherheit, optimaler Performance und bester Stabilit\u00e4t das Arbeiten auf innovativer Ebene und professionellem Standard vor allem im Client- \/ Server-Betrieb.<\/p>\n\n\n\n<h4 class=\"wp-block-heading\"><a href=\"https:\/\/www.mt-it-consulting.de\/index.php\/kundenbereich-2\/\" title=\"\">Fernwartung<\/a><\/h4>\n\n\n\n<p>Nicht immer muss ein Techniker vor Ort zum Einsatz kommen. Wir bieten Ihnen die M\u00f6glichkeit mittels Fernwartung sicher, schnell und preiswert Ihr individuelles Computerproblem von unserem B\u00fcro aus zu analysieren und in den meisten F\u00e4llen in k\u00fcrzester Zeit zu l\u00f6sen. Gerne informieren und beraten wir Sie!<\/p>\n","protected":false},"excerpt":{"rendered":"<p>Michael Trier IT-Consulting GmbH ist ein inhabergef\u00fchrter IT-Dienstleister aus dem Rhein-Main Gebiet mit Sitz in M\u00f6mbris bei Aschaffenburg. Seit mehr als 15 Jahren vertrauen uns kleine und mittlere Unternehmen sowie kommunale Einrichtungen. Unser starkes Team setzt sich zuverl\u00e4ssig und kompetent f\u00fcr Sie ein! Unsere jahrelange Erfahrung im Bereich der Netzwerk- und Systembetreuung garantiert Ihnen besten &#8230; <a title=\"IT-Systeme und Services\" class=\"read-more\" href=\"https:\/\/www.mt-it-consulting.de\/\" aria-label=\"Mehr zu IT-Systeme und Services\">Read more<\/a><\/p>\n","protected":false},"author":1,"featured_media":0,"parent":0,"menu_order":1,"comment_status":"closed","ping_status":"closed","template":"","meta":{"footnotes":""},"class_list":["post-20","page","type-page","status-publish"],"aioseo_notices":[],"_links":{"self":[{"href":"https:\/\/www.mt-it-consulting.de\/index.php\/wp-json\/wp\/v2\/pages\/20","targetHints":{"allow":["GET"]}}],"collection":[{"href":"https:\/\/www.mt-it-consulting.de\/index.php\/wp-json\/wp\/v2\/pages"}],"about":[{"href":"https:\/\/www.mt-it-consulting.de\/index.php\/wp-json\/wp\/v2\/types\/page"}],"author":[{"embeddable":true,"href":"https:\/\/www.mt-it-consulting.de\/index.php\/wp-json\/wp\/v2\/users\/1"}],"replies":[{"embeddable":true,"href":"https:\/\/www.mt-it-consulting.de\/index.php\/wp-json\/wp\/v2\/comments?post=20"}],"version-history":[{"count":32,"href":"https:\/\/www.mt-it-consulting.de\/index.php\/wp-json\/wp\/v2\/pages\/20\/revisions"}],"predecessor-version":[{"id":996,"href":"https:\/\/www.mt-it-consulting.de\/index.php\/wp-json\/wp\/v2\/pages\/20\/revisions\/996"}],"wp:attachment":[{"href":"https:\/\/www.mt-it-consulting.de\/index.php\/wp-json\/wp\/v2\/media?parent=20"}],"curies":[{"name":"wp","href":"https:\/\/api.w.org\/{rel}","templated":true}]}}