{"id":25,"date":"2017-10-23T17:34:04","date_gmt":"2017-10-23T15:34:04","guid":{"rendered":"http:\/\/test\/?page_id=25"},"modified":"2023-01-26T09:43:47","modified_gmt":"2023-01-26T08:43:47","slug":"partner","status":"publish","type":"page","link":"https:\/\/www.mt-it-consulting.de\/index.php\/partner\/","title":{"rendered":"Partner"},"content":{"rendered":"\n<p>Wir statten Sie mit allem aus, was Sie f\u00fcr eine sichere IT in Ihrem Unternehmen brauchen:&nbsp; IT-Infrastruktur, Hard- und Software, Netzwerke und Sicherheitsl\u00f6sungen, Organisationsysteme, Backups und vieles mehr. Wir setzen auf namhafte und bew\u00e4hrte Hersteller und Technologiepartner um Ihre Gesch\u00e4ftsprozesse optimal zu unterst\u00fctzen.<\/p>\n\n\n\n<figure class=\"wp-block-gallery aligncenter has-nested-images columns-5 wp-block-gallery-1 is-layout-flex wp-block-gallery-is-layout-flex\">\n<figure class=\"wp-block-image size-medium\"><img loading=\"lazy\" decoding=\"async\" width=\"300\" height=\"300\" data-id=\"585\" src=\"https:\/\/www.mt-it-consulting.de\/wp-content\/uploads\/2022\/09\/TERRA-Value-Partner-300x300.png\" alt=\"\" class=\"wp-image-585\" srcset=\"https:\/\/www.mt-it-consulting.de\/wp-content\/uploads\/2022\/09\/TERRA-Value-Partner-300x300.png 300w, https:\/\/www.mt-it-consulting.de\/wp-content\/uploads\/2022\/09\/TERRA-Value-Partner-1024x1024.png 1024w, https:\/\/www.mt-it-consulting.de\/wp-content\/uploads\/2022\/09\/TERRA-Value-Partner-150x150.png 150w, https:\/\/www.mt-it-consulting.de\/wp-content\/uploads\/2022\/09\/TERRA-Value-Partner-768x768.png 768w, https:\/\/www.mt-it-consulting.de\/wp-content\/uploads\/2022\/09\/TERRA-Value-Partner-1536x1536.png 1536w, https:\/\/www.mt-it-consulting.de\/wp-content\/uploads\/2022\/09\/TERRA-Value-Partner-2048x2048.png 2048w\" sizes=\"auto, (max-width: 300px) 100vw, 300px\" \/><\/figure>\n\n\n\n<figure class=\"wp-block-image size-medium\"><img loading=\"lazy\" decoding=\"async\" width=\"300\" height=\"253\" data-id=\"583\" src=\"https:\/\/www.mt-it-consulting.de\/wp-content\/uploads\/2022\/09\/Premium-Service-Partner-300x253.png\" alt=\"\" class=\"wp-image-583\" srcset=\"https:\/\/www.mt-it-consulting.de\/wp-content\/uploads\/2022\/09\/Premium-Service-Partner-300x253.png 300w, https:\/\/www.mt-it-consulting.de\/wp-content\/uploads\/2022\/09\/Premium-Service-Partner-1024x864.png 1024w, https:\/\/www.mt-it-consulting.de\/wp-content\/uploads\/2022\/09\/Premium-Service-Partner-768x648.png 768w, https:\/\/www.mt-it-consulting.de\/wp-content\/uploads\/2022\/09\/Premium-Service-Partner.png 1181w\" sizes=\"auto, (max-width: 300px) 100vw, 300px\" \/><\/figure>\n\n\n\n<figure class=\"wp-block-image size-large\"><img loading=\"lazy\" decoding=\"async\" width=\"150\" height=\"150\" data-id=\"206\" src=\"https:\/\/www.mt-it-consulting.de\/wp-content\/uploads\/2017\/10\/Logo_Cisco_150x150.jpg\" alt=\"\" class=\"wp-image-206\"\/><\/figure>\n\n\n\n<figure class=\"wp-block-image size-medium\"><img loading=\"lazy\" decoding=\"async\" width=\"300\" height=\"103\" data-id=\"515\" src=\"https:\/\/www.mt-it-consulting.de\/wp-content\/uploads\/2022\/04\/wae_logo-300x103.jpg\" alt=\"\" class=\"wp-image-515\"\/><\/figure>\n\n\n\n<figure class=\"wp-block-image size-large\"><img loading=\"lazy\" decoding=\"async\" width=\"150\" height=\"150\" data-id=\"203\" src=\"https:\/\/www.mt-it-consulting.de\/wp-content\/uploads\/2017\/10\/HP-logo_150x150.jpg\" alt=\"\" class=\"wp-image-203\"\/><\/figure>\n\n\n\n<figure class=\"wp-block-image size-large\"><img loading=\"lazy\" decoding=\"async\" width=\"150\" height=\"150\" data-id=\"207\" src=\"https:\/\/www.mt-it-consulting.de\/wp-content\/uploads\/2017\/10\/Microsoft_Logo_150x150.jpg\" alt=\"\" class=\"wp-image-207\"\/><\/figure>\n\n\n\n<figure class=\"wp-block-image size-large\"><img loading=\"lazy\" decoding=\"async\" width=\"150\" height=\"150\" data-id=\"208\" src=\"https:\/\/www.mt-it-consulting.de\/wp-content\/uploads\/2017\/10\/MS-HV_Logo_150x150.jpg\" alt=\"\" class=\"wp-image-208\"\/><\/figure>\n\n\n\n<figure class=\"wp-block-image size-thumbnail\"><img loading=\"lazy\" decoding=\"async\" width=\"150\" height=\"150\" data-id=\"517\" src=\"https:\/\/www.mt-it-consulting.de\/wp-content\/uploads\/2022\/04\/Auerswald_Partner_kl-294x300-1-150x150.png\" alt=\"\" class=\"wp-image-517\"\/><\/figure>\n\n\n\n<figure class=\"wp-block-image size-medium\"><img loading=\"lazy\" decoding=\"async\" width=\"300\" height=\"224\" data-id=\"516\" src=\"https:\/\/www.mt-it-consulting.de\/wp-content\/uploads\/2022\/04\/0253dbbb-1d4b-4f75-abd3-f3b0fd5fa220-300x224.png\" alt=\"\" class=\"wp-image-516\" srcset=\"https:\/\/www.mt-it-consulting.de\/wp-content\/uploads\/2022\/04\/0253dbbb-1d4b-4f75-abd3-f3b0fd5fa220-300x224.png 300w, https:\/\/www.mt-it-consulting.de\/wp-content\/uploads\/2022\/04\/0253dbbb-1d4b-4f75-abd3-f3b0fd5fa220-1024x763.png 1024w, https:\/\/www.mt-it-consulting.de\/wp-content\/uploads\/2022\/04\/0253dbbb-1d4b-4f75-abd3-f3b0fd5fa220-768x572.png 768w, https:\/\/www.mt-it-consulting.de\/wp-content\/uploads\/2022\/04\/0253dbbb-1d4b-4f75-abd3-f3b0fd5fa220.png 1151w\" sizes=\"auto, (max-width: 300px) 100vw, 300px\" \/><\/figure>\n\n\n\n<figure class=\"wp-block-image size-medium\"><img loading=\"lazy\" decoding=\"async\" width=\"300\" height=\"300\" data-id=\"728\" src=\"https:\/\/www.mt-it-consulting.de\/wp-content\/uploads\/2023\/01\/Securepoint-300x300.png\" alt=\"\" class=\"wp-image-728\" srcset=\"https:\/\/www.mt-it-consulting.de\/wp-content\/uploads\/2023\/01\/Securepoint-300x300.png 300w, https:\/\/www.mt-it-consulting.de\/wp-content\/uploads\/2023\/01\/Securepoint-150x150.png 150w, https:\/\/www.mt-it-consulting.de\/wp-content\/uploads\/2023\/01\/Securepoint-768x768.png 768w, https:\/\/www.mt-it-consulting.de\/wp-content\/uploads\/2023\/01\/Securepoint.png 962w\" sizes=\"auto, (max-width: 300px) 100vw, 300px\" \/><\/figure>\n\n\n\n<figure class=\"wp-block-image size-medium\"><img loading=\"lazy\" decoding=\"async\" width=\"300\" height=\"188\" data-id=\"735\" src=\"https:\/\/www.mt-it-consulting.de\/wp-content\/uploads\/2023\/01\/APC-Logo-2048x1280-1-300x188.png\" alt=\"\" class=\"wp-image-735\" srcset=\"https:\/\/www.mt-it-consulting.de\/wp-content\/uploads\/2023\/01\/APC-Logo-2048x1280-1-300x188.png 300w, https:\/\/www.mt-it-consulting.de\/wp-content\/uploads\/2023\/01\/APC-Logo-2048x1280-1-1024x640.png 1024w, https:\/\/www.mt-it-consulting.de\/wp-content\/uploads\/2023\/01\/APC-Logo-2048x1280-1-768x480.png 768w, https:\/\/www.mt-it-consulting.de\/wp-content\/uploads\/2023\/01\/APC-Logo-2048x1280-1-1536x960.png 1536w, https:\/\/www.mt-it-consulting.de\/wp-content\/uploads\/2023\/01\/APC-Logo-2048x1280-1.png 2048w\" sizes=\"auto, (max-width: 300px) 100vw, 300px\" \/><\/figure>\n\n\n\n<figure class=\"wp-block-image size-medium\"><img loading=\"lazy\" decoding=\"async\" width=\"300\" height=\"83\" data-id=\"736\" src=\"https:\/\/www.mt-it-consulting.de\/wp-content\/uploads\/2023\/01\/purekeys-300.gif\" alt=\"\" class=\"wp-image-736\"\/><\/figure>\n\n\n\n<figure class=\"wp-block-image size-medium\"><img loading=\"lazy\" decoding=\"async\" width=\"224\" height=\"220\" data-id=\"737\" src=\"https:\/\/www.mt-it-consulting.de\/wp-content\/uploads\/2023\/01\/X1.jpg\" alt=\"\" class=\"wp-image-737\"\/><\/figure>\n\n\n\n<figure class=\"wp-block-image size-medium\"><img loading=\"lazy\" decoding=\"async\" width=\"300\" height=\"82\" data-id=\"738\" src=\"https:\/\/www.mt-it-consulting.de\/wp-content\/uploads\/2023\/01\/R-300x82.png\" alt=\"\" class=\"wp-image-738\" srcset=\"https:\/\/www.mt-it-consulting.de\/wp-content\/uploads\/2023\/01\/R-300x82.png 300w, https:\/\/www.mt-it-consulting.de\/wp-content\/uploads\/2023\/01\/R-1024x279.png 1024w, https:\/\/www.mt-it-consulting.de\/wp-content\/uploads\/2023\/01\/R-768x209.png 768w, https:\/\/www.mt-it-consulting.de\/wp-content\/uploads\/2023\/01\/R-1536x418.png 1536w, https:\/\/www.mt-it-consulting.de\/wp-content\/uploads\/2023\/01\/R-2048x558.png 2048w\" sizes=\"auto, (max-width: 300px) 100vw, 300px\" \/><\/figure>\n\n\n\n<figure class=\"wp-block-image size-medium\"><img loading=\"lazy\" decoding=\"async\" width=\"195\" height=\"195\" data-id=\"740\" src=\"https:\/\/www.mt-it-consulting.de\/wp-content\/uploads\/2023\/01\/peoplefone-logo.png\" alt=\"\" class=\"wp-image-740\" srcset=\"https:\/\/www.mt-it-consulting.de\/wp-content\/uploads\/2023\/01\/peoplefone-logo.png 195w, https:\/\/www.mt-it-consulting.de\/wp-content\/uploads\/2023\/01\/peoplefone-logo-150x150.png 150w\" sizes=\"auto, (max-width: 195px) 100vw, 195px\" \/><\/figure>\n<\/figure>\n","protected":false},"excerpt":{"rendered":"<p>Wir statten Sie mit allem aus, was Sie f\u00fcr eine sichere IT in Ihrem Unternehmen brauchen:&nbsp; IT-Infrastruktur, Hard- und Software, Netzwerke und Sicherheitsl\u00f6sungen, Organisationsysteme, Backups und vieles mehr. Wir setzen auf namhafte und bew\u00e4hrte Hersteller und Technologiepartner um Ihre Gesch\u00e4ftsprozesse optimal zu unterst\u00fctzen.<\/p>\n","protected":false},"author":1,"featured_media":0,"parent":0,"menu_order":6,"comment_status":"closed","ping_status":"closed","template":"","meta":{"footnotes":""},"class_list":["post-25","page","type-page","status-publish"],"aioseo_notices":[],"_links":{"self":[{"href":"https:\/\/www.mt-it-consulting.de\/index.php\/wp-json\/wp\/v2\/pages\/25","targetHints":{"allow":["GET"]}}],"collection":[{"href":"https:\/\/www.mt-it-consulting.de\/index.php\/wp-json\/wp\/v2\/pages"}],"about":[{"href":"https:\/\/www.mt-it-consulting.de\/index.php\/wp-json\/wp\/v2\/types\/page"}],"author":[{"embeddable":true,"href":"https:\/\/www.mt-it-consulting.de\/index.php\/wp-json\/wp\/v2\/users\/1"}],"replies":[{"embeddable":true,"href":"https:\/\/www.mt-it-consulting.de\/index.php\/wp-json\/wp\/v2\/comments?post=25"}],"version-history":[{"count":28,"href":"https:\/\/www.mt-it-consulting.de\/index.php\/wp-json\/wp\/v2\/pages\/25\/revisions"}],"predecessor-version":[{"id":741,"href":"https:\/\/www.mt-it-consulting.de\/index.php\/wp-json\/wp\/v2\/pages\/25\/revisions\/741"}],"wp:attachment":[{"href":"https:\/\/www.mt-it-consulting.de\/index.php\/wp-json\/wp\/v2\/media?parent=25"}],"curies":[{"name":"wp","href":"https:\/\/api.w.org\/{rel}","templated":true}]}}