{"id":542,"date":"2022-09-13T13:12:53","date_gmt":"2022-09-13T11:12:53","guid":{"rendered":"https:\/\/www.mt-it-consulting.de\/?page_id=542"},"modified":"2026-01-27T09:58:49","modified_gmt":"2026-01-27T08:58:49","slug":"warenwirtschaft","status":"publish","type":"page","link":"https:\/\/www.mt-it-consulting.de\/index.php\/leistungen\/warenwirtschaft\/","title":{"rendered":"REDDOXX"},"content":{"rendered":"\n<h3 class=\"wp-block-heading\">E-Mail-Archivierung (On-Premise) <br><img loading=\"lazy\" decoding=\"async\" width=\"150\" height=\"36\" class=\"wp-image-985\" style=\"width: 150px;\" src=\"https:\/\/www.mt-it-consulting.de\/wp-content\/uploads\/2026\/01\/REDDOXX-Logo.png\" alt=\"\">MailDepot<\/h3>\n\n\n\n<p>Fehlen Ihnen auch manchmal wichtige E-Mails? E-Mails sind zum Kommunikationsmittel Nr. 1 geworden und dieses Medium muss organisiert werden. Angefangen bei einer ordentlichen Ablage und Verwaltung, bis hin zu schnellem Wiederfinden empfangener oder gesendeter E-Mails. Mit REDDOXX Maildepot ist jede E-Mail zuk\u00fcnftig nur zwei Mausklicks entfernt. <br>Das leistungsf\u00e4hige, Volltext-indizierte System durchsucht in Sekundenschnelle Ihre E-Mails und alle textlich orientierten Anh\u00e4nge (z.B. Word oder PDF). Als deutsches Unternehmen unterliegen wir den gleichen Pflichten wie Sie. Das MailDepot erf\u00fcllt daher selbstverst\u00e4ndlich alle gesetzlichen Anforderungen, die bereits seit Jahren verbindlich gelten.<\/p>\n\n\n\n<div class=\"wp-block-columns is-layout-flex wp-container-core-columns-is-layout-9d6595d7 wp-block-columns-is-layout-flex\">\n<div class=\"wp-block-column is-layout-flow wp-block-column-is-layout-flow\"><div class=\"wp-block-image\">\n<figure class=\"aligncenter size-medium\"><img loading=\"lazy\" decoding=\"async\" width=\"300\" height=\"300\" src=\"https:\/\/www.mt-it-consulting.de\/wp-content\/uploads\/2026\/01\/Reddoxx_Icon-MailDepot-300x300.png\" alt=\"\" class=\"wp-image-983\" srcset=\"https:\/\/www.mt-it-consulting.de\/wp-content\/uploads\/2026\/01\/Reddoxx_Icon-MailDepot-300x300.png 300w, https:\/\/www.mt-it-consulting.de\/wp-content\/uploads\/2026\/01\/Reddoxx_Icon-MailDepot-1019x1024.png 1019w, https:\/\/www.mt-it-consulting.de\/wp-content\/uploads\/2026\/01\/Reddoxx_Icon-MailDepot-150x150.png 150w, https:\/\/www.mt-it-consulting.de\/wp-content\/uploads\/2026\/01\/Reddoxx_Icon-MailDepot-1529x1536.png 1529w, https:\/\/www.mt-it-consulting.de\/wp-content\/uploads\/2026\/01\/Reddoxx_Icon-MailDepot.png 1731w\" sizes=\"auto, (max-width: 300px) 100vw, 300px\" \/><\/figure>\n<\/div><\/div>\n\n\n\n<div class=\"wp-block-column is-layout-flow wp-block-column-is-layout-flow\">\n<p># lokale Installation bei Ihnen im Unternehmen<\/p>\n\n\n\n<p># optional erweiterbar um E-Mail-Verschl\u00fcsselung und Spamschutz<\/p>\n\n\n\n<p># erf\u00fcllt DSGVO und GoBD<\/p>\n\n\n\n<p># funktioniert mit jedem Mailserver und Storage<\/p>\n\n\n\n<p># integrierter Virenschutz<br><br><\/p>\n<\/div>\n<\/div>\n\n\n\n<h2 class=\"wp-block-heading has-vivid-red-color has-text-color has-link-color wp-elements-63076e0ba6d5adc8a328d23a7fd08c19\">E-Mail-Archivierung mit REDDOXX<\/h2>\n\n\n\n<p><strong>Mehr als nur die Erf\u00fcllung von gesetzlichen Anforderungen<\/strong><\/p>\n\n\n\n<p>REDDOXX MailDepot bietet nicht nur rechtssichere Archivierung, sondern macht den Umgang mit E-Mails im Unternehmen effizienter, sicherer und einfacher. Die L\u00f6sung spart Zeit, sch\u00fctzt vor Datenverlust und schafft Transparenz f\u00fcr alle Mitarbeiter. Hier sind die wichtigsten Vorteile auf einen Blick.<\/p>\n\n\n\n<p>Mit REDDOXX MailDepot ist jede E-Mail nur zwei Mausklicks entfernt. Das leistungsf\u00e4hige, volltextindizierte System durchsucht in Sekundenschnelle Ihre E-Mails und alle textlich orientierten Anh\u00e4nge (z.B. Word oder PDF).<\/p>\n\n\n\n<p>Aufwendiges Sortieren und Ordnen der E-Mails im Postfach wird \u00fcberfl\u00fcssig. Alle E-Mails werden automatisch und dauerhaft in einem vom Mailserver unabh\u00e4ngigen Archiv gespeichert. Das MailDepot erf\u00fcllt selbstverst\u00e4ndlich alle gesetzlichen Anforderungen, die bereits seit Jahren verbindlich gelten.<\/p>\n\n\n\n<p>F\u00fcr weitere Informationen oder bei Fragen stehen wir Ihnen jederzeit gerne zur Verf\u00fcgung.<\/p>\n\n\n\n<div class=\"wp-block-buttons is-layout-flex wp-block-buttons-is-layout-flex\">\n<div class=\"wp-block-button\"><a class=\"wp-block-button__link has-vivid-red-background-color has-background wp-element-button\" href=\"https:\/\/www.mt-it-consulting.de\/index.php\/kontakt\/\">Kontaktieren Sie uns<\/a><\/div>\n<\/div>\n","protected":false},"excerpt":{"rendered":"<p>E-Mail-Archivierung (On-Premise) MailDepot Fehlen Ihnen auch manchmal wichtige E-Mails? E-Mails sind zum Kommunikationsmittel Nr. 1 geworden und dieses Medium muss organisiert werden. Angefangen bei einer ordentlichen Ablage und Verwaltung, bis hin zu schnellem Wiederfinden empfangener oder gesendeter E-Mails. Mit REDDOXX Maildepot ist jede E-Mail zuk\u00fcnftig nur zwei Mausklicks entfernt. Das leistungsf\u00e4hige, Volltext-indizierte System durchsucht in &#8230; <a title=\"REDDOXX\" class=\"read-more\" href=\"https:\/\/www.mt-it-consulting.de\/index.php\/leistungen\/warenwirtschaft\/\" aria-label=\"Mehr zu REDDOXX\">Read more<\/a><\/p>\n","protected":false},"author":2,"featured_media":0,"parent":20,"menu_order":5,"comment_status":"closed","ping_status":"closed","template":"","meta":{"footnotes":""},"class_list":["post-542","page","type-page","status-publish"],"aioseo_notices":[],"_links":{"self":[{"href":"https:\/\/www.mt-it-consulting.de\/index.php\/wp-json\/wp\/v2\/pages\/542","targetHints":{"allow":["GET"]}}],"collection":[{"href":"https:\/\/www.mt-it-consulting.de\/index.php\/wp-json\/wp\/v2\/pages"}],"about":[{"href":"https:\/\/www.mt-it-consulting.de\/index.php\/wp-json\/wp\/v2\/types\/page"}],"author":[{"embeddable":true,"href":"https:\/\/www.mt-it-consulting.de\/index.php\/wp-json\/wp\/v2\/users\/2"}],"replies":[{"embeddable":true,"href":"https:\/\/www.mt-it-consulting.de\/index.php\/wp-json\/wp\/v2\/comments?post=542"}],"version-history":[{"count":9,"href":"https:\/\/www.mt-it-consulting.de\/index.php\/wp-json\/wp\/v2\/pages\/542\/revisions"}],"predecessor-version":[{"id":992,"href":"https:\/\/www.mt-it-consulting.de\/index.php\/wp-json\/wp\/v2\/pages\/542\/revisions\/992"}],"up":[{"embeddable":true,"href":"https:\/\/www.mt-it-consulting.de\/index.php\/wp-json\/wp\/v2\/pages\/20"}],"wp:attachment":[{"href":"https:\/\/www.mt-it-consulting.de\/index.php\/wp-json\/wp\/v2\/media?parent=542"}],"curies":[{"name":"wp","href":"https:\/\/api.w.org\/{rel}","templated":true}]}}