{"id":576,"date":"2022-09-13T14:18:26","date_gmt":"2022-09-13T12:18:26","guid":{"rendered":"https:\/\/www.mt-it-consulting.de\/?page_id=576"},"modified":"2025-01-22T17:05:56","modified_gmt":"2025-01-22T16:05:56","slug":"server-und-pcs","status":"publish","type":"page","link":"https:\/\/www.mt-it-consulting.de\/index.php\/leistungen\/server-und-pcs\/","title":{"rendered":"Server und PC&#8217;s"},"content":{"rendered":"\n<p>Computer sind aus der modernen Arbeitswelt nicht mehr wegzudenken. W\u00e4hlen Sie zuverl\u00e4ssige Desktop Computer oder Mobile Ger\u00e4te mit erstklassigem Service die optimal auf Ihre Bed\u00fcrfnisse zugeschnitten sind.<\/p>\n\n\n\n<p>Viele Unternehmen stehen vor der Frage, wie sie ihre IT-Infrastruktur aktuell aufstellen sollen und welche Hard- und Software ben\u00f6tigt wird. Immer mehr spielen Virtualisierung, Hochverf\u00fcgbarkeit und Cloud Dienste eine wichtige Rolle.<\/p>\n\n\n\n<figure class=\"wp-block-image size-large\"><img loading=\"lazy\" decoding=\"async\" width=\"1024\" height=\"460\" src=\"https:\/\/www.mt-it-consulting.de\/wp-content\/uploads\/2022\/09\/Imagebild_2022-1024x460.png\" alt=\"\" class=\"wp-image-587\" srcset=\"https:\/\/www.mt-it-consulting.de\/wp-content\/uploads\/2022\/09\/Imagebild_2022-1024x460.png 1024w, https:\/\/www.mt-it-consulting.de\/wp-content\/uploads\/2022\/09\/Imagebild_2022-300x135.png 300w, https:\/\/www.mt-it-consulting.de\/wp-content\/uploads\/2022\/09\/Imagebild_2022-768x345.png 768w, https:\/\/www.mt-it-consulting.de\/wp-content\/uploads\/2022\/09\/Imagebild_2022-1536x690.png 1536w, https:\/\/www.mt-it-consulting.de\/wp-content\/uploads\/2022\/09\/Imagebild_2022-2048x920.png 2048w\" sizes=\"auto, (max-width: 1024px) 100vw, 1024px\" \/><\/figure>\n\n\n\n<p>Mit uns haben Sie den richtigen Partner an der Seite! Gerne beraten wir Sie welche M\u00f6glichkeiten f\u00fcr Sie bereits bestehen. Neben aktuellen Windows Server Betriebssystenen, m\u00f6gliche L\u00f6sungen mit diversen Virtualisierungs- und Hochverf\u00fcgbarkeitsanbietern bis hin zu vielf\u00e4ltigen Server Service Optionen helfen wir Ihnen einen \u00dcberblick zu verschaffen und die f\u00fcr Sie optimal passende L\u00f6sung zu finden.<\/p>\n\n\n\n<p>Profitieren Sie von unseren aufeinander abgestimmten Serverpaketen, Microsoft Betriebssystemen, Datensicherungsl\u00f6sungen sowie einer idealen Integration von Cloud-Diensten.<\/p>\n\n\n\n<figure class=\"wp-block-image size-large\"><img loading=\"lazy\" decoding=\"async\" width=\"1024\" height=\"507\" src=\"https:\/\/www.mt-it-consulting.de\/wp-content\/uploads\/2022\/09\/Serverstapel_rechts_2-1024x507.jpg\" alt=\"\" class=\"wp-image-577\" srcset=\"https:\/\/www.mt-it-consulting.de\/wp-content\/uploads\/2022\/09\/Serverstapel_rechts_2-1024x507.jpg 1024w, https:\/\/www.mt-it-consulting.de\/wp-content\/uploads\/2022\/09\/Serverstapel_rechts_2-300x149.jpg 300w, https:\/\/www.mt-it-consulting.de\/wp-content\/uploads\/2022\/09\/Serverstapel_rechts_2-768x381.jpg 768w, https:\/\/www.mt-it-consulting.de\/wp-content\/uploads\/2022\/09\/Serverstapel_rechts_2-1536x761.jpg 1536w, https:\/\/www.mt-it-consulting.de\/wp-content\/uploads\/2022\/09\/Serverstapel_rechts_2-2048x1015.jpg 2048w\" sizes=\"auto, (max-width: 1024px) 100vw, 1024px\" \/><figcaption>Vom MiniServer \u00fcber hochperformante Rackserver  bis hin zu TerraXaler&#8230; alles ist m\u00f6glich!<\/figcaption><\/figure>\n","protected":false},"excerpt":{"rendered":"<p>Computer sind aus der modernen Arbeitswelt nicht mehr wegzudenken. W\u00e4hlen Sie zuverl\u00e4ssige Desktop Computer oder Mobile Ger\u00e4te mit erstklassigem Service die optimal auf Ihre Bed\u00fcrfnisse zugeschnitten sind. Viele Unternehmen stehen vor der Frage, wie sie ihre IT-Infrastruktur aktuell aufstellen sollen und welche Hard- und Software ben\u00f6tigt wird. Immer mehr spielen Virtualisierung, Hochverf\u00fcgbarkeit und Cloud Dienste &#8230; <a title=\"Server und PC&#8217;s\" class=\"read-more\" href=\"https:\/\/www.mt-it-consulting.de\/index.php\/leistungen\/server-und-pcs\/\" aria-label=\"Mehr zu Server und PC&#8217;s\">Read more<\/a><\/p>\n","protected":false},"author":2,"featured_media":0,"parent":20,"menu_order":2,"comment_status":"closed","ping_status":"closed","template":"","meta":{"footnotes":""},"class_list":["post-576","page","type-page","status-publish"],"aioseo_notices":[],"_links":{"self":[{"href":"https:\/\/www.mt-it-consulting.de\/index.php\/wp-json\/wp\/v2\/pages\/576","targetHints":{"allow":["GET"]}}],"collection":[{"href":"https:\/\/www.mt-it-consulting.de\/index.php\/wp-json\/wp\/v2\/pages"}],"about":[{"href":"https:\/\/www.mt-it-consulting.de\/index.php\/wp-json\/wp\/v2\/types\/page"}],"author":[{"embeddable":true,"href":"https:\/\/www.mt-it-consulting.de\/index.php\/wp-json\/wp\/v2\/users\/2"}],"replies":[{"embeddable":true,"href":"https:\/\/www.mt-it-consulting.de\/index.php\/wp-json\/wp\/v2\/comments?post=576"}],"version-history":[{"count":4,"href":"https:\/\/www.mt-it-consulting.de\/index.php\/wp-json\/wp\/v2\/pages\/576\/revisions"}],"predecessor-version":[{"id":590,"href":"https:\/\/www.mt-it-consulting.de\/index.php\/wp-json\/wp\/v2\/pages\/576\/revisions\/590"}],"up":[{"embeddable":true,"href":"https:\/\/www.mt-it-consulting.de\/index.php\/wp-json\/wp\/v2\/pages\/20"}],"wp:attachment":[{"href":"https:\/\/www.mt-it-consulting.de\/index.php\/wp-json\/wp\/v2\/media?parent=576"}],"curies":[{"name":"wp","href":"https:\/\/api.w.org\/{rel}","templated":true}]}}