{"id":58,"date":"2024-01-30T09:52:41","date_gmt":"2024-01-30T08:52:41","guid":{"rendered":"https:\/\/www.mt-it-consulting.de\/?page_id=58"},"modified":"2024-06-17T11:37:36","modified_gmt":"2024-06-17T09:37:36","slug":"jobs","status":"publish","type":"page","link":"https:\/\/www.mt-it-consulting.de\/index.php\/jobs\/","title":{"rendered":"Jobs"},"content":{"rendered":"\n<p>Unsere Leidenschaft ist die individuelle Beratung und kompetenter IT-Support. Wir sind f\u00fcr unsere Kunden da, damit diese ohne nervige Computerprobleme erfolgreich ihren Job machen k\u00f6nnen.<\/p>\n\n\n\n<p>Wir bauen auf faire und langfristige Partnerschaften und Kundenorientierung wird bei uns gro\u00dfgeschrieben. <br><\/p>\n\n\n<div class=\"wp-block-image\">\n<figure class=\"aligncenter size-medium\"><img loading=\"lazy\" decoding=\"async\" width=\"300\" height=\"158\" src=\"https:\/\/www.mt-it-consulting.de\/wp-content\/uploads\/2020\/09\/MT_IT_WORTWOLKE_passend_Colors-300x158.jpg\" alt=\"\" class=\"wp-image-455\" srcset=\"https:\/\/www.mt-it-consulting.de\/wp-content\/uploads\/2020\/09\/MT_IT_WORTWOLKE_passend_Colors-300x158.jpg 300w, https:\/\/www.mt-it-consulting.de\/wp-content\/uploads\/2020\/09\/MT_IT_WORTWOLKE_passend_Colors-1024x538.jpg 1024w, https:\/\/www.mt-it-consulting.de\/wp-content\/uploads\/2020\/09\/MT_IT_WORTWOLKE_passend_Colors-768x403.jpg 768w, https:\/\/www.mt-it-consulting.de\/wp-content\/uploads\/2020\/09\/MT_IT_WORTWOLKE_passend_Colors.jpg 1200w\" sizes=\"auto, (max-width: 300px) 100vw, 300px\" \/><\/figure>\n<\/div>\n\n\n<p>Wenn Dich auch die Leidenschaft f\u00fcr den Support bei Kunden und Anwendern gepackt hat, Du dazu noch gerne hilfst, wo es brennt \u2013> dann bist Du in unserem Team genau Richtig und wir freuen uns auf Deine Initiativbewerbung. <\/p>\n","protected":false},"excerpt":{"rendered":"<p>Unsere Leidenschaft ist die individuelle Beratung und kompetenter IT-Support. Wir sind f\u00fcr unsere Kunden da, damit diese ohne nervige Computerprobleme erfolgreich ihren Job machen k\u00f6nnen. Wir bauen auf faire und langfristige Partnerschaften und Kundenorientierung wird bei uns gro\u00dfgeschrieben. Wenn Dich auch die Leidenschaft f\u00fcr den Support bei Kunden und Anwendern gepackt hat, Du dazu noch &#8230; <a title=\"Jobs\" class=\"read-more\" href=\"https:\/\/www.mt-it-consulting.de\/index.php\/jobs\/\" aria-label=\"Mehr zu Jobs\">Read more<\/a><\/p>\n","protected":false},"author":2,"featured_media":0,"parent":0,"menu_order":5,"comment_status":"closed","ping_status":"closed","template":"","meta":{"footnotes":""},"class_list":["post-58","page","type-page","status-publish"],"aioseo_notices":[],"_links":{"self":[{"href":"https:\/\/www.mt-it-consulting.de\/index.php\/wp-json\/wp\/v2\/pages\/58","targetHints":{"allow":["GET"]}}],"collection":[{"href":"https:\/\/www.mt-it-consulting.de\/index.php\/wp-json\/wp\/v2\/pages"}],"about":[{"href":"https:\/\/www.mt-it-consulting.de\/index.php\/wp-json\/wp\/v2\/types\/page"}],"author":[{"embeddable":true,"href":"https:\/\/www.mt-it-consulting.de\/index.php\/wp-json\/wp\/v2\/users\/2"}],"replies":[{"embeddable":true,"href":"https:\/\/www.mt-it-consulting.de\/index.php\/wp-json\/wp\/v2\/comments?post=58"}],"version-history":[{"count":28,"href":"https:\/\/www.mt-it-consulting.de\/index.php\/wp-json\/wp\/v2\/pages\/58\/revisions"}],"predecessor-version":[{"id":916,"href":"https:\/\/www.mt-it-consulting.de\/index.php\/wp-json\/wp\/v2\/pages\/58\/revisions\/916"}],"wp:attachment":[{"href":"https:\/\/www.mt-it-consulting.de\/index.php\/wp-json\/wp\/v2\/media?parent=58"}],"curies":[{"name":"wp","href":"https:\/\/api.w.org\/{rel}","templated":true}]}}