{"id":64,"date":"2017-10-24T09:58:59","date_gmt":"2017-10-24T07:58:59","guid":{"rendered":"https:\/\/www.mt-it-consulting.de\/?page_id=64"},"modified":"2023-01-26T13:05:53","modified_gmt":"2023-01-26T12:05:53","slug":"kundenbereich-2","status":"publish","type":"page","link":"https:\/\/www.mt-it-consulting.de\/index.php\/kundenbereich-2\/","title":{"rendered":"Kundenbereich"},"content":{"rendered":"\n<p>Support Ticket<\/p>\n\n\n\n<p>Sie sind bereits Kunde und wollen ein Support Ticket erstellen, dann nutzen Sie unser Support Center System. <a href=\"http:\/\/helpdesk.mt-it-consulting.de\/index.php\">Dazu klicken Sie Hier um ein Ticket aufzugeben.<\/a> Sie k\u00f6nnen auch Ihren Status des Aktuellen Tickets \u00fcberpr\u00fcfen.<\/p>\n\n\n\n<p>Um den Support \u00fcber eine Fernwartung herzustellen nutzen wir die Software Team Viewer. Klicken Sie unten auf das Bild und starten Sie den Quicksupport. Danach m\u00fcssen Sie den Supportmitarbeiter nur noch Ihre ID und Passwort nennen.<\/p>\n\n\n\n<figure class=\"wp-block-image alignnone\"><a href=\"https:\/\/get.teamviewer.com\/6k7fyqg\"><img loading=\"lazy\" decoding=\"async\" width=\"213\" height=\"300\" src=\"https:\/\/www2.mt-it-consulting.de\/wp-content\/uploads\/2017\/10\/TeamViewer-213x300.png\" alt=\"TeamViewer der Michael Trier IT-Consulting GmbH\" class=\"wp-image-84\" srcset=\"https:\/\/www.mt-it-consulting.de\/wp-content\/uploads\/2017\/10\/TeamViewer-213x300.png 213w, https:\/\/www.mt-it-consulting.de\/wp-content\/uploads\/2017\/10\/TeamViewer.png 286w\" sizes=\"auto, (max-width: 213px) 100vw, 213px\" \/><\/a><figcaption class=\"wp-element-caption\">Fernwartung mit einem Klick<\/figcaption><\/figure>\n\n\n\n<figure class=\"wp-block-embed\"><div class=\"wp-block-embed__wrapper\">\nhttps:\/\/get.teamviewer.com\/6k7fyqg\n<\/div><\/figure>\n","protected":false},"excerpt":{"rendered":"<p>Support Ticket Sie sind bereits Kunde und wollen ein Support Ticket erstellen, dann nutzen Sie unser Support Center System. Dazu klicken Sie Hier um ein Ticket aufzugeben. Sie k\u00f6nnen auch Ihren Status des Aktuellen Tickets \u00fcberpr\u00fcfen. Um den Support \u00fcber eine Fernwartung herzustellen nutzen wir die Software Team Viewer. Klicken Sie unten auf das Bild &#8230; <a title=\"Kundenbereich\" class=\"read-more\" href=\"https:\/\/www.mt-it-consulting.de\/index.php\/kundenbereich-2\/\" aria-label=\"Mehr zu Kundenbereich\">Read more<\/a><\/p>\n","protected":false},"author":2,"featured_media":0,"parent":0,"menu_order":4,"comment_status":"closed","ping_status":"closed","template":"","meta":{"footnotes":""},"class_list":["post-64","page","type-page","status-publish"],"aioseo_notices":[],"_links":{"self":[{"href":"https:\/\/www.mt-it-consulting.de\/index.php\/wp-json\/wp\/v2\/pages\/64","targetHints":{"allow":["GET"]}}],"collection":[{"href":"https:\/\/www.mt-it-consulting.de\/index.php\/wp-json\/wp\/v2\/pages"}],"about":[{"href":"https:\/\/www.mt-it-consulting.de\/index.php\/wp-json\/wp\/v2\/types\/page"}],"author":[{"embeddable":true,"href":"https:\/\/www.mt-it-consulting.de\/index.php\/wp-json\/wp\/v2\/users\/2"}],"replies":[{"embeddable":true,"href":"https:\/\/www.mt-it-consulting.de\/index.php\/wp-json\/wp\/v2\/comments?post=64"}],"version-history":[{"count":11,"href":"https:\/\/www.mt-it-consulting.de\/index.php\/wp-json\/wp\/v2\/pages\/64\/revisions"}],"predecessor-version":[{"id":761,"href":"https:\/\/www.mt-it-consulting.de\/index.php\/wp-json\/wp\/v2\/pages\/64\/revisions\/761"}],"wp:attachment":[{"href":"https:\/\/www.mt-it-consulting.de\/index.php\/wp-json\/wp\/v2\/media?parent=64"}],"curies":[{"name":"wp","href":"https:\/\/api.w.org\/{rel}","templated":true}]}}