{"id":752,"date":"2023-01-26T12:46:39","date_gmt":"2023-01-26T11:46:39","guid":{"rendered":"https:\/\/www.mt-it-consulting.de\/?page_id=752"},"modified":"2023-01-26T12:46:39","modified_gmt":"2023-01-26T11:46:39","slug":"netzwerk","status":"publish","type":"page","link":"https:\/\/www.mt-it-consulting.de\/index.php\/leistungen\/netzwerk\/","title":{"rendered":"Netzwerk"},"content":{"rendered":"\n<p>Jedes Unternehmen, ob gro\u00df oder klein, kommt ohne ein funktionierendes Netzwerk heute sicher nicht mehr aus. Immer mehr Gesch\u00e4ftsprozesse spielen sich immer mehr digital ab. Die Anforderungen an die\u00a0Netzwerktechnik\u00a0von Unternehmen steigt immer weiter.  Gerade diese immense Komplexit\u00e4t eines Netzwerks ist es aber, die oft gro\u00dfe Probleme verursachen kann. <\/p>\n\n\n\n<p>Wir unterst\u00fctzen Sie gerne in allen Fragen zu Ihrer Netzwerk-Infrastuktur. Egal ob LAN, WLAN oder Cloud und VPN. <\/p>\n\n\n\n<figure class=\"wp-block-image size-medium\"><img loading=\"lazy\" decoding=\"async\" width=\"300\" height=\"39\" src=\"https:\/\/www.mt-it-consulting.de\/wp-content\/uploads\/2017\/11\/Header2-1920px-x-250px-300x39.png\" alt=\"\" class=\"wp-image-285\" srcset=\"https:\/\/www.mt-it-consulting.de\/wp-content\/uploads\/2017\/11\/Header2-1920px-x-250px-300x39.png 300w, https:\/\/www.mt-it-consulting.de\/wp-content\/uploads\/2017\/11\/Header2-1920px-x-250px-768x100.png 768w, https:\/\/www.mt-it-consulting.de\/wp-content\/uploads\/2017\/11\/Header2-1920px-x-250px-1024x133.png 1024w, https:\/\/www.mt-it-consulting.de\/wp-content\/uploads\/2017\/11\/Header2-1920px-x-250px-1900x250.png 1900w, https:\/\/www.mt-it-consulting.de\/wp-content\/uploads\/2017\/11\/Header2-1920px-x-250px.png 1920w\" sizes=\"auto, (max-width: 300px) 100vw, 300px\" \/><\/figure>\n\n\n\n<p>Schneller Datenaustausch und allzeit funktionierende Kommunikationswege sind die die Basis einer effektiven Unternehmensstruktur. Immer h\u00f6here Datenmengen, wechselnde Unternehmensstrukturen und zunehmende Globalisierung erfordern ein stabiles und schnelles Netzwerk. Bei der Konzeption und der Umsetzung eines zukunftorientierten Netzwerks m\u00fcssen fimreninterne Anforderungen ebenso ber\u00fccksichtigt werden wie anfallende Kosten und Sicherheitsanforderungen. Ebenso bieten wir Netzwerk-Managment-Systeme, Softwareverteilung und Steuerung. Auch die sichere Anbindung Ihrer unterschiedlichen Standorte oder Au\u00dfendienstmitarbeiter im In- und Ausland stellt f\u00fcr uns kein Problem dar.<\/p>\n","protected":false},"excerpt":{"rendered":"<p>Jedes Unternehmen, ob gro\u00df oder klein, kommt ohne ein funktionierendes Netzwerk heute sicher nicht mehr aus. Immer mehr Gesch\u00e4ftsprozesse spielen sich immer mehr digital ab. Die Anforderungen an die\u00a0Netzwerktechnik\u00a0von Unternehmen steigt immer weiter. Gerade diese immense Komplexit\u00e4t eines Netzwerks ist es aber, die oft gro\u00dfe Probleme verursachen kann. Wir unterst\u00fctzen Sie gerne in allen Fragen &#8230; <a title=\"Netzwerk\" class=\"read-more\" href=\"https:\/\/www.mt-it-consulting.de\/index.php\/leistungen\/netzwerk\/\" aria-label=\"Mehr zu Netzwerk\">Read more<\/a><\/p>\n","protected":false},"author":2,"featured_media":0,"parent":20,"menu_order":5,"comment_status":"closed","ping_status":"closed","template":"","meta":{"footnotes":""},"class_list":["post-752","page","type-page","status-publish"],"aioseo_notices":[],"_links":{"self":[{"href":"https:\/\/www.mt-it-consulting.de\/index.php\/wp-json\/wp\/v2\/pages\/752","targetHints":{"allow":["GET"]}}],"collection":[{"href":"https:\/\/www.mt-it-consulting.de\/index.php\/wp-json\/wp\/v2\/pages"}],"about":[{"href":"https:\/\/www.mt-it-consulting.de\/index.php\/wp-json\/wp\/v2\/types\/page"}],"author":[{"embeddable":true,"href":"https:\/\/www.mt-it-consulting.de\/index.php\/wp-json\/wp\/v2\/users\/2"}],"replies":[{"embeddable":true,"href":"https:\/\/www.mt-it-consulting.de\/index.php\/wp-json\/wp\/v2\/comments?post=752"}],"version-history":[{"count":1,"href":"https:\/\/www.mt-it-consulting.de\/index.php\/wp-json\/wp\/v2\/pages\/752\/revisions"}],"predecessor-version":[{"id":753,"href":"https:\/\/www.mt-it-consulting.de\/index.php\/wp-json\/wp\/v2\/pages\/752\/revisions\/753"}],"up":[{"embeddable":true,"href":"https:\/\/www.mt-it-consulting.de\/index.php\/wp-json\/wp\/v2\/pages\/20"}],"wp:attachment":[{"href":"https:\/\/www.mt-it-consulting.de\/index.php\/wp-json\/wp\/v2\/media?parent=752"}],"curies":[{"name":"wp","href":"https:\/\/api.w.org\/{rel}","templated":true}]}}