{"id":958,"date":"2025-05-13T16:07:00","date_gmt":"2025-05-13T14:07:00","guid":{"rendered":"https:\/\/www.mt-it-consulting.de\/?page_id=958"},"modified":"2025-05-13T16:21:18","modified_gmt":"2025-05-13T14:21:18","slug":"digitale-archivierung","status":"publish","type":"page","link":"https:\/\/www.mt-it-consulting.de\/index.php\/leistungen\/digitale-archivierung\/","title":{"rendered":"Digitale Archivierung"},"content":{"rendered":"\n<p class=\"has-black-color has-text-color has-link-color wp-elements-245ca02b93d189f43a814c2750046006\">Digitalisieren Sie Dokumente und E-Mails, archivieren Sie sicher nach GoBD, DSGVO und E-Rechnungspflicht und optimieren Sie Ihre B\u00fcroarbeit mit plattformunabh\u00e4ngiger Software.<br><img loading=\"lazy\" decoding=\"async\" width=\"150\" height=\"150\" class=\"wp-image-961\" style=\"width: 150px;\" src=\"https:\/\/www.mt-it-consulting.de\/wp-content\/uploads\/2025\/05\/ecoDMS_Icon_rgb.png\" alt=\"\" srcset=\"https:\/\/www.mt-it-consulting.de\/wp-content\/uploads\/2025\/05\/ecoDMS_Icon_rgb.png 2000w, https:\/\/www.mt-it-consulting.de\/wp-content\/uploads\/2025\/05\/ecoDMS_Icon_rgb-300x300.png 300w, https:\/\/www.mt-it-consulting.de\/wp-content\/uploads\/2025\/05\/ecoDMS_Icon_rgb-1024x1024.png 1024w, https:\/\/www.mt-it-consulting.de\/wp-content\/uploads\/2025\/05\/ecoDMS_Icon_rgb-150x150.png 150w, https:\/\/www.mt-it-consulting.de\/wp-content\/uploads\/2025\/05\/ecoDMS_Icon_rgb-768x768.png 768w, https:\/\/www.mt-it-consulting.de\/wp-content\/uploads\/2025\/05\/ecoDMS_Icon_rgb-1536x1536.png 1536w\" sizes=\"auto, (max-width: 150px) 100vw, 150px\" \/><strong>F\u00fcr Privat und Firmen jeder Branche und Gr\u00f6\u00dfe<\/strong>. <\/p>\n\n\n\n<p>Einfach, gesetzeskonform, plattformunabh\u00e4ngig &amp; g\u00fcnstig<\/p>\n\n\n\n<p>Mit dem ecoDMS Dokumenten-Management-System stellen Sie sich Zukunftssicher, gesetzeskonform und effizient auf:<br> Archivieren und verwalten Sie Dokumente zentral mit OCR-Suche, XRechnung- und ZUGFeRD-Unterst\u00fctzung &#8211; plattformunabh\u00e4ngig und perfekt f\u00fcr die E-Rechnungspflicht.<\/p>\n\n\n\n<p>Mit dem WORKZ Add-on automatisieren Sie Ihre Abl\u00e4ufe: <br>Wiederkehrende Dokumentenprozesse in ecoDMS automatisieren: E-Mail- und Datei-Import, digitale Stempel und definierte Abl\u00e4ufe f\u00fcr mehr Effizienz im B\u00fcroalltag.<\/p>\n\n\n\n<p>Mit ecoMAILZ archivieren Sie Ihre E-Mails vollautomatisch:<br>utomatische und rechtskonforme Archivierung aller E-Mails inkl. Anh\u00e4ngen, mit benutzerfreundlichem Webzugriff, Volltextsuche und Adaptern f\u00fcr Microsoft Exchange Server, Microsoft 365, IMAP \/ POP3 und Dateisystem.<\/p>\n\n\n\n<p>Mit ecoWorkflow automatisieren Sie Ihre Gesch\u00e4ftsprozesse:<br>Einfache Workflow-Automatisierung ganz ohne Programmierkenntnisse. Das offene Workflow-System hilft Unternehmen dabei, die internen Arbeitsprozesse geschickt zu automatisieren und so die Produktivit\u00e4t zu steigern.<\/p>\n\n\n\n<h2 class=\"wp-block-heading\" id=\"n2-ss-45item1\">Unsere&nbsp;Empfehlung&nbsp;f\u00fcr&nbsp;Firmen:&nbsp;<br>ecoDMS ONE &#8211; Das Komplettpaket<\/h2>\n\n\n\n<h3 class=\"wp-block-heading\" id=\"n2-ss-45item2\">Die All-in-One-L\u00f6sung f\u00fcr Dokumentenmanagement, E-Mailarchivierung und E-Rechnungspflicht.<\/h3>\n\n\n\n<p>ecoDMS inkl. WORKZ Add-on + unlimitierter API und ecoMAILZ, inklusive Support und Softwarepflege &#8211; alles in einem Paket, exklusiv f\u00fcr Unternehmen. Profitieren Sie von Planungssicherheit, Compliance, Software, Support und langfristigen Kostenvorteilen &#8211; alles in einem Paket.<\/p>\n\n\n\n<p><a href=\"https:\/\/www.mt-it-consulting.de\/index.php\/kontakt\/\" target=\"_blank\" rel=\"noopener\" title=\"\">Sprechen Sie uns jetzt auf ecoDMS ONE an!<\/a><\/p>\n\n\n\n<figure class=\"wp-block-image size-full\"><img loading=\"lazy\" decoding=\"async\" width=\"701\" height=\"584\" src=\"https:\/\/www.mt-it-consulting.de\/wp-content\/uploads\/2025\/05\/202306_Reseller-Web-Banner_336x280.jpg\" alt=\"\" class=\"wp-image-960\" srcset=\"https:\/\/www.mt-it-consulting.de\/wp-content\/uploads\/2025\/05\/202306_Reseller-Web-Banner_336x280.jpg 701w, https:\/\/www.mt-it-consulting.de\/wp-content\/uploads\/2025\/05\/202306_Reseller-Web-Banner_336x280-300x250.jpg 300w\" sizes=\"auto, (max-width: 701px) 100vw, 701px\" \/><\/figure>\n\n\n\n<p><br><\/p>\n","protected":false},"excerpt":{"rendered":"<p>Digitalisieren Sie Dokumente und E-Mails, archivieren Sie sicher nach GoBD, DSGVO und E-Rechnungspflicht und optimieren Sie Ihre B\u00fcroarbeit mit plattformunabh\u00e4ngiger Software.F\u00fcr Privat und Firmen jeder Branche und Gr\u00f6\u00dfe. Einfach, gesetzeskonform, plattformunabh\u00e4ngig &amp; g\u00fcnstig Mit dem ecoDMS Dokumenten-Management-System stellen Sie sich Zukunftssicher, gesetzeskonform und effizient auf: Archivieren und verwalten Sie Dokumente zentral mit OCR-Suche, XRechnung- und &#8230; <a title=\"Digitale Archivierung\" class=\"read-more\" href=\"https:\/\/www.mt-it-consulting.de\/index.php\/leistungen\/digitale-archivierung\/\" aria-label=\"Mehr zu Digitale Archivierung\">Read more<\/a><\/p>\n","protected":false},"author":2,"featured_media":0,"parent":20,"menu_order":4,"comment_status":"closed","ping_status":"closed","template":"","meta":{"footnotes":""},"class_list":["post-958","page","type-page","status-publish"],"aioseo_notices":[],"_links":{"self":[{"href":"https:\/\/www.mt-it-consulting.de\/index.php\/wp-json\/wp\/v2\/pages\/958","targetHints":{"allow":["GET"]}}],"collection":[{"href":"https:\/\/www.mt-it-consulting.de\/index.php\/wp-json\/wp\/v2\/pages"}],"about":[{"href":"https:\/\/www.mt-it-consulting.de\/index.php\/wp-json\/wp\/v2\/types\/page"}],"author":[{"embeddable":true,"href":"https:\/\/www.mt-it-consulting.de\/index.php\/wp-json\/wp\/v2\/users\/2"}],"replies":[{"embeddable":true,"href":"https:\/\/www.mt-it-consulting.de\/index.php\/wp-json\/wp\/v2\/comments?post=958"}],"version-history":[{"count":2,"href":"https:\/\/www.mt-it-consulting.de\/index.php\/wp-json\/wp\/v2\/pages\/958\/revisions"}],"predecessor-version":[{"id":964,"href":"https:\/\/www.mt-it-consulting.de\/index.php\/wp-json\/wp\/v2\/pages\/958\/revisions\/964"}],"up":[{"embeddable":true,"href":"https:\/\/www.mt-it-consulting.de\/index.php\/wp-json\/wp\/v2\/pages\/20"}],"wp:attachment":[{"href":"https:\/\/www.mt-it-consulting.de\/index.php\/wp-json\/wp\/v2\/media?parent=958"}],"curies":[{"name":"wp","href":"https:\/\/api.w.org\/{rel}","templated":true}]}}